{"id":311,"date":"2019-04-04T18:15:35","date_gmt":"2019-04-04T16:15:35","guid":{"rendered":"http:\/\/torstenkolle.de\/?page_id=311"},"modified":"2019-04-04T19:20:21","modified_gmt":"2019-04-04T17:20:21","slug":"impressum","status":"publish","type":"page","link":"https:\/\/torstenkolle.de\/?page_id=311","title":{"rendered":"Impressum"},"content":{"rendered":"<p>[vc_row][vc_column width=&#8220;2\/3&#8243;][vc_column_text]<strong>Haftungshinweis<\/strong><span class=\"Apple-converted-space\">\u00a0<\/span><\/p>\n<p>Trotz sorgf\u00e4ltiger inhaltlicher Kontrolle \u00fcbernehmen wir keine Haftung f\u00fcr die Inhalte externer Links.<br \/>\nF\u00fcr den Inhalt der verlinkten Seiten sind ausschlie\u00dflich deren Betreiber verantwortlich.<\/p>\n<p>Haftungsbeschr\u00e4nkung f\u00fcr eigene Inhalte<span class=\"Apple-converted-space\">\u00a0<\/span><\/p>\n<p>Alle Inhalte unseres Internetauftritts wurden mit Sorgfalt und nach bestem Gewissen erstellt.<br \/>\nEine Gew\u00e4hr f\u00fcr die Aktualit\u00e4t, Vollst\u00e4ndigkeit und Richtigkeit s\u00e4mtlicher Seiten kann jedoch nicht<br \/>\n\u00fcbernommen werden. Gem\u00e4\u00df \u00a7 7 Abs. 1 TMG sind wir als Dienstanbieter f\u00fcr eigene Inhalte<br \/>\nauf diesen Seiten nach den allgemeinen Gesetzen verantwortlich, nach den \u00a7\u00a7 8 bis 10 TMG<br \/>\njedoch nicht verpflichtet, die \u00fcbermittelten oder gespeicherten fremden Informationen zu \u00fcberwachen.<br \/>\nEine umgehende Entfernung dieser Inhalte erfolgt ab dem Zeitpunkt der Kenntnis einer<br \/>\nkonkreten Rechtsverletzung und wir haften nicht vor dem Zeitpunkt der Kenntniserlangung.<\/p>\n<p>Haftungsbeschr\u00e4nkung f\u00fcr externe Links<span class=\"Apple-converted-space\">\u00a0<\/span><\/p>\n<p>Unsere Webseite enth\u00e4lt sog. \u201eexterne Links\u201c (Verkn\u00fcpfungen zu Webseiten Dritter),<br \/>\nauf deren Inhalt wir keinen Einfluss haben und f\u00fcr den wir aus diesem Grund keine Gew\u00e4hr<br \/>\n\u00fcbernehmen. F\u00fcr die Inhalte und Richtigkeit der Informationen ist der jeweilige<br \/>\nInformationsanbieter der verlinkten Webseite verantwortlich. Als die Verlinkung vorgenommen wurde,<br \/>\nwaren f\u00fcr uns keine Rechtsverst\u00f6\u00dfe erkennbar. Sollte uns eine Rechtsverletzung bekannt werden,<br \/>\nwird der jeweilige Link umgehend von uns entfernt.<\/p>\n<p>&nbsp;<\/p>\n<p><strong>Urheberrecht<\/strong><\/p>\n<p>Hinweis zum Urheberrecht<\/p>\n<p>Der gesamte Inhalt dieser Website unterliegt dem Urheberrecht. Unerlaubte Verwendung,<br \/>\nReproduktion oder Wiedergabe des Inhalts oder von Teilen des Inhalts ist untersagt.<br \/>\nWegen einer Erlaubnis zur Nutzung des Inhalts wenden Sie sich bitte an den Herausgeber.[\/vc_column_text][\/vc_column][vc_column width=&#8220;1\/3&#8243;][\/vc_column][\/vc_row]<\/p>\n","protected":false},"excerpt":{"rendered":"<p>[vc_row][vc_column width=&#8220;2\/3&#8243;][vc_column_text]Haftungshinweis\u00a0 Trotz sorgf\u00e4ltiger inhaltlicher Kontrolle \u00fcbernehmen wir keine Haftung f\u00fcr die Inhalte externer Links. F\u00fcr den Inhalt der verlinkten Seiten sind ausschlie\u00dflich deren Betreiber verantwortlich.<span class=\"excerpt-hellip\"> [\u2026]<\/span><\/p>\n","protected":false},"author":1,"featured_media":0,"parent":0,"menu_order":0,"comment_status":"closed","ping_status":"closed","template":"","meta":{"footnotes":""},"_links":{"self":[{"href":"https:\/\/torstenkolle.de\/index.php?rest_route=\/wp\/v2\/pages\/311"}],"collection":[{"href":"https:\/\/torstenkolle.de\/index.php?rest_route=\/wp\/v2\/pages"}],"about":[{"href":"https:\/\/torstenkolle.de\/index.php?rest_route=\/wp\/v2\/types\/page"}],"author":[{"embeddable":true,"href":"https:\/\/torstenkolle.de\/index.php?rest_route=\/wp\/v2\/users\/1"}],"replies":[{"embeddable":true,"href":"https:\/\/torstenkolle.de\/index.php?rest_route=%2Fwp%2Fv2%2Fcomments&post=311"}],"version-history":[{"count":8,"href":"https:\/\/torstenkolle.de\/index.php?rest_route=\/wp\/v2\/pages\/311\/revisions"}],"predecessor-version":[{"id":344,"href":"https:\/\/torstenkolle.de\/index.php?rest_route=\/wp\/v2\/pages\/311\/revisions\/344"}],"wp:attachment":[{"href":"https:\/\/torstenkolle.de\/index.php?rest_route=%2Fwp%2Fv2%2Fmedia&parent=311"}],"curies":[{"name":"wp","href":"https:\/\/api.w.org\/{rel}","templated":true}]}}